{"id":378,"date":"2022-10-25T16:23:20","date_gmt":"2022-10-25T14:23:20","guid":{"rendered":"https:\/\/www.kyriad-vannes.fr\/?page_id=378"},"modified":"2025-09-09T15:42:37","modified_gmt":"2025-09-09T13:42:37","slug":"ofertas-especiales","status":"publish","type":"page","link":"https:\/\/www.kyriad-vannes.fr\/es\/offres-speciales\/","title":{"rendered":"Ofertas especiales"},"content":{"rendered":"\t\t<div data-elementor-type=\"wp-page\" data-elementor-id=\"378\" class=\"elementor elementor-378\" data-elementor-post-type=\"page\">\n\t\t\t\t\t\t<section class=\"elementor-section elementor-top-section elementor-element elementor-element-828f4f8 elementor-section-height-min-height elementor-section-boxed elementor-section-height-default elementor-section-items-middle\" data-id=\"828f4f8\" data-element_type=\"section\" data-e-type=\"section\" id=\"top\" data-settings=\"{&quot;background_background&quot;:&quot;classic&quot;}\">\n\t\t\t\t\t\t\t<div class=\"elementor-background-overlay\"><\/div>\n\t\t\t\t\t\t\t<div class=\"elementor-container elementor-column-gap-default\">\n\t\t\t\t\t<div class=\"elementor-column elementor-col-100 elementor-top-column elementor-element elementor-element-4570faf\" data-id=\"4570faf\" data-element_type=\"column\" data-e-type=\"column\">\n\t\t\t<div class=\"elementor-widget-wrap elementor-element-populated\">\n\t\t\t\t\t\t\t<\/div>\n\t\t<\/div>\n\t\t\t\t\t<\/div>\n\t\t<\/section>\n\t\t\t\t<section class=\"elementor-section elementor-top-section elementor-element elementor-element-b944540 elementor-section-boxed elementor-section-height-default elementor-section-height-default\" data-id=\"b944540\" data-element_type=\"section\" data-e-type=\"section\" data-settings=\"{&quot;background_background&quot;:&quot;classic&quot;}\">\n\t\t\t\t\t\t\t<div class=\"elementor-background-overlay\"><\/div>\n\t\t\t\t\t\t\t<div class=\"elementor-container elementor-column-gap-default\">\n\t\t\t\t\t<div class=\"elementor-column elementor-col-100 elementor-top-column elementor-element elementor-element-b79956c\" data-id=\"b79956c\" data-element_type=\"column\" data-e-type=\"column\">\n\t\t\t<div class=\"elementor-widget-wrap elementor-element-populated\">\n\t\t\t\t\t\t<div class=\"elementor-element elementor-element-2752290 elementor-widget elementor-widget-heading\" data-id=\"2752290\" data-element_type=\"widget\" data-e-type=\"widget\" data-widget_type=\"heading.default\">\n\t\t\t\t<div class=\"elementor-widget-container\">\n\t\t\t\t\t<h2 class=\"elementor-heading-title elementor-size-default\">D\u00e9couvrez nos offres sp\u00e9ciales<\/h2>\t\t\t\t<\/div>\n\t\t\t\t<\/div>\n\t\t\t\t<div class=\"elementor-element elementor-element-ab39505 liste-offres elementor-pagination-type-bullets elementor-grid-3 elementor-grid-tablet-2 elementor-grid-mobile-1 elementor-widget elementor-widget-offers-list\" data-id=\"ab39505\" data-element_type=\"widget\" data-e-type=\"widget\" data-settings=\"{&quot;element_skin&quot;:&quot;card&quot;,&quot;row_gap&quot;:{&quot;unit&quot;:&quot;px&quot;,&quot;size&quot;:41,&quot;sizes&quot;:[]},&quot;space_between&quot;:{&quot;unit&quot;:&quot;px&quot;,&quot;size&quot;:0,&quot;sizes&quot;:[]},&quot;slides_per_view&quot;:&quot;9&quot;,&quot;space_between_tablet&quot;:{&quot;unit&quot;:&quot;px&quot;,&quot;size&quot;:10,&quot;sizes&quot;:[]},&quot;space_between_mobile&quot;:{&quot;unit&quot;:&quot;px&quot;,&quot;size&quot;:10,&quot;sizes&quot;:[]},&quot;effect&quot;:&quot;slide&quot;,&quot;autoplay&quot;:&quot;no&quot;,&quot;pagination&quot;:&quot;bullets&quot;,&quot;categories_filter&quot;:[&quot;*&quot;],&quot;item_ignore_filter&quot;:[],&quot;validity_date_format&quot;:&quot;long&quot;,&quot;cards_columns&quot;:&quot;3&quot;,&quot;cards_columns_tablet&quot;:&quot;2&quot;,&quot;cards_columns_mobile&quot;:&quot;1&quot;}\" data-widget_type=\"offers-list.default\">\n\t\t\t\t<div class=\"elementor-widget-container\">\n\t\t\t\t\t                        <div class=\"eliophot-offers eliophot-offers__wrapper eliophot-base-list elementor-grid\">\n                    <input type=\"hidden\" class=\"api_id\" value=\"\">\n                            <div\n                class=\"eliophot-offer__container eliophot-base-list__container elementor-grid-item   eliophot-offer__skin-card eliophot-offer_ID_8107 \"\n                data-category=\"\"\n                data-title = \"Early booking d&#039;\u00e9t\u00e9 : Vos vacances d&#039;\u00e9t\u00e9 \u00e0 Vannes\"\n                data-name = \"early-booking-d-ete-vos-vacances-d-ete-a-vannes\"\n        >\n                    <div class=\"eliophot-carousel__slider elementor-swiper\">\n            <div class=\"eliophot-carousel-wrapper elementor-main-swiper swiper\">\n                <div class=\"elementor-image-carousel swiper-wrapper swiper-image-stretch\">\n                    <!-- Slides -->\n                    <div class=\"swiper-slide\">\n                        <div class=\"elementor-carousel-image slide-featured-image\" style=\"background-image: url('https:\/\/www.kyriad-vannes.fr\/wp-content\/uploads\/2026\/04\/Bon-plan-hotel-Vannes-centre-ville-ete-2026-avec-petit-dejeuner.png');\"><\/div>\n                        <link itemprop=\"image\" href=\"https:\/\/www.kyriad-vannes.fr\/wp-content\/uploads\/2026\/04\/Bon-plan-hotel-Vannes-centre-ville-ete-2026-avec-petit-dejeuner.png\" \/>\n                    <\/div>\n                <\/div>\n            <\/div>\n        <\/div>\n                    <div class=\"eliophot-offer__body\">\n                        <!-- TODO: if page link enabled -->\n        <h3 class=\"eliophot-offer__title\">\n            <span class=\"title_before\"><\/span>\n            <a  href=\"https:\/\/www.kyriad-vannes.fr\/es\/offres-speciales\/early-booking-d-ete-vos-vacances-d-ete-a-vannes\/\">\n                            Early booking d&#039;\u00e9t\u00e9 : Vos vacances d&#039;\u00e9t\u00e9 \u00e0 Vannes            <\/a>\n        <\/h3>\n                    <p class=\"eliophot-offer__validity\">\n            Offre valable du <span class=\"eliophot-offer__validity_start_date\" data-time=\"1775599200\">\n                        08 April 2026                    <\/span>\n                     to <span class=\"eliophot-offer__validity_end_date\" data-time=\"1780264799\">\n                    31 May 2026                    <\/span>\n                                <\/p>\n                        <\/div>\n\n            \n        <div class=\"eliophot-offer__cta\" itemprop=\"offers\" itemscope itemtype=\"https:\/\/schema.org\/Offer\">\n            <div class=\"eliophot-offer__cta_container\">\n                                    <input type=\"hidden\" name=\"id_offer\" value=\"8107\"\/>\n                    <div class=\"eliophot-offer__cta_title\" itemprop=\"priceSpecification\" itemscope itemtype=\"https:\/\/schema.org\/UnitPriceSpecification\">\n                                            <\/div>\n\n                                <div class=\"eliophot-offer__cta_buttons\">\n                \n                                            <a href=\"https:\/\/www.kyriad-vannes.fr\/es\/offres-speciales\/early-booking-d-ete-vos-vacances-d-ete-a-vannes\/\" class=\"eliophot-offer__cta_button eliophot-offer__cta_button_second elementor-button-link elementor-button elementor-size-sm \">\n                            D\u00e9couvrir                        <\/a>\n                                    <\/div>\n            <\/div>\n        <\/div>\n                            <\/div>\n                <div\n                class=\"eliophot-offer__container eliophot-base-list__container elementor-grid-item   eliophot-offer__skin-card eliophot-offer_ID_11318 \"\n                data-category=\"\"\n                data-title = \"Summer Deals : Vacances d&#039;\u00e9t\u00e9 \u00e0 Vannes \u00e0 prix doux\"\n                data-name = \"summer-deals-vacances-d-ete-a-vannes-a-prix-doux\"\n        >\n                    <div class=\"eliophot-carousel__slider elementor-swiper\">\n            <div class=\"eliophot-carousel-wrapper elementor-main-swiper swiper\">\n                <div class=\"elementor-image-carousel swiper-wrapper swiper-image-stretch\">\n                    <!-- Slides -->\n                    <div class=\"swiper-slide\">\n                        <div class=\"elementor-carousel-image slide-featured-image\" style=\"background-image: url('https:\/\/www.kyriad-vannes.fr\/wp-content\/uploads\/2026\/04\/bon-plan-hotel-Kyriad-vannes-summer-deals-2026.png');\"><\/div>\n                        <link itemprop=\"image\" href=\"https:\/\/www.kyriad-vannes.fr\/wp-content\/uploads\/2026\/04\/bon-plan-hotel-Kyriad-vannes-summer-deals-2026.png\" \/>\n                    <\/div>\n                <\/div>\n            <\/div>\n        <\/div>\n                    <div class=\"eliophot-offer__body\">\n                        <!-- TODO: if page link enabled -->\n        <h3 class=\"eliophot-offer__title\">\n            <span class=\"title_before\"><\/span>\n            <a  href=\"https:\/\/www.kyriad-vannes.fr\/es\/offres-speciales\/summer-deals-vacances-d-ete-a-vannes-a-prix-doux\/\">\n                            Summer Deals : Vacances d&#039;\u00e9t\u00e9 \u00e0 Vannes \u00e0 prix doux            <\/a>\n        <\/h3>\n                    <p class=\"eliophot-offer__validity\">\n            Offre valable du <span class=\"eliophot-offer__validity_start_date\" data-time=\"1777500000\">\n                        30 April 2026                    <\/span>\n                     to <span class=\"eliophot-offer__validity_end_date\" data-time=\"1781474399\">\n                    14 June 2026                    <\/span>\n                                <\/p>\n                        <\/div>\n\n            \n        <div class=\"eliophot-offer__cta\" itemprop=\"offers\" itemscope itemtype=\"https:\/\/schema.org\/Offer\">\n            <div class=\"eliophot-offer__cta_container\">\n                                    <input type=\"hidden\" name=\"id_offer\" value=\"11318\"\/>\n                    <div class=\"eliophot-offer__cta_title\" itemprop=\"priceSpecification\" itemscope itemtype=\"https:\/\/schema.org\/UnitPriceSpecification\">\n                                            <\/div>\n\n                                <div class=\"eliophot-offer__cta_buttons\">\n                \n                                            <a href=\"https:\/\/www.kyriad-vannes.fr\/es\/offres-speciales\/summer-deals-vacances-d-ete-a-vannes-a-prix-doux\/\" class=\"eliophot-offer__cta_button eliophot-offer__cta_button_second elementor-button-link elementor-button elementor-size-sm \">\n                            D\u00e9couvrir                        <\/a>\n                                    <\/div>\n            <\/div>\n        <\/div>\n                            <\/div>\n                <div\n                class=\"eliophot-offer__container eliophot-base-list__container elementor-grid-item   eliophot-offer__skin-card eliophot-offer_ID_8200 \"\n                data-category=\"\"\n                data-title = \"Menu F\u00eate des M\u00e8res Restaurant \u00e0 Vannes\"\n                data-name = \"menu-fete-des-meres-restaurant-a-vannes\"\n        >\n                    <div class=\"eliophot-carousel__slider elementor-swiper\">\n            <div class=\"eliophot-carousel-wrapper elementor-main-swiper swiper\">\n                <div class=\"elementor-image-carousel swiper-wrapper swiper-image-stretch\">\n                    <!-- Slides -->\n                    <div class=\"swiper-slide\">\n                        <div class=\"elementor-carousel-image slide-featured-image\" style=\"background-image: url('https:\/\/www.kyriad-vannes.fr\/wp-content\/uploads\/2026\/05\/fete-des-meres-restaurant-Vannes-menu-special-2026.png');\"><\/div>\n                        <link itemprop=\"image\" href=\"https:\/\/www.kyriad-vannes.fr\/wp-content\/uploads\/2026\/05\/fete-des-meres-restaurant-Vannes-menu-special-2026.png\" \/>\n                    <\/div>\n                <\/div>\n            <\/div>\n        <\/div>\n                    <div class=\"eliophot-offer__body\">\n                        <!-- TODO: if page link enabled -->\n        <h3 class=\"eliophot-offer__title\">\n            <span class=\"title_before\"><\/span>\n            <a  href=\"https:\/\/www.kyriad-vannes.fr\/es\/offres-speciales\/menu-fete-des-meres-restaurant-a-vannes\/\">\n                            Menu F\u00eate des M\u00e8res Restaurant \u00e0 Vannes            <\/a>\n        <\/h3>\n                    <p class=\"eliophot-offer__validity\">\n            Offre valable du <span class=\"eliophot-offer__validity_start_date\" data-time=\"1778104800\">\n                        07 May 2026                    <\/span>\n                     to <span class=\"eliophot-offer__validity_end_date\" data-time=\"1780351199\">\n                    01 June 2026                    <\/span>\n                                <\/p>\n                        <\/div>\n\n            \n        <div class=\"eliophot-offer__cta\" itemprop=\"offers\" itemscope itemtype=\"https:\/\/schema.org\/Offer\">\n            <div class=\"eliophot-offer__cta_container\">\n                                    <input type=\"hidden\" name=\"id_offer\" value=\"8200\"\/>\n                    <div class=\"eliophot-offer__cta_title\" itemprop=\"priceSpecification\" itemscope itemtype=\"https:\/\/schema.org\/UnitPriceSpecification\">\n                                            <\/div>\n\n                                <div class=\"eliophot-offer__cta_buttons\">\n                \n                                            <a href=\"https:\/\/www.kyriad-vannes.fr\/es\/offres-speciales\/menu-fete-des-meres-restaurant-a-vannes\/\" class=\"eliophot-offer__cta_button eliophot-offer__cta_button_second elementor-button-link elementor-button elementor-size-sm \">\n                            D\u00e9couvrir                        <\/a>\n                                    <\/div>\n            <\/div>\n        <\/div>\n                            <\/div>\n                        <\/div>\n\n                \t\t\t\t<\/div>\n\t\t\t\t<\/div>\n\t\t\t\t\t<\/div>\n\t\t<\/div>\n\t\t\t\t\t<\/div>\n\t\t<\/section>\n\t\t\t\t<\/div>\n\t\t","protected":false},"excerpt":{"rendered":"<p>D\u00e9couvrez nos offres sp\u00e9ciales Offre sp\u00e9ciale pour le Marathon de Vannes | H\u00f4tel Kyriad Vannes Offre valable du 09 September 2025 au 28 September 2025 D\u00e9couvrir Votre soir\u00e9e \u00e9tape \u00e0 Vannes Offre valable du 21 August 2025 au 18 October 2025 D\u00e9couvrir Forfait demi-pension \u00e0 Vannes Offre valable du 21 August 2025 au 31 December [&hellip;]<\/p>\n","protected":false},"author":4,"featured_media":2493,"parent":0,"menu_order":0,"comment_status":"closed","ping_status":"closed","template":"","meta":{"_acf_changed":false,"inline_featured_image":false,"footnotes":""},"class_list":["post-378","page","type-page","status-publish","has-post-thumbnail","hentry"],"acf":[],"_links":{"self":[{"href":"https:\/\/www.kyriad-vannes.fr\/es\/wp-json\/wp\/v2\/pages\/378","targetHints":{"allow":["GET"]}}],"collection":[{"href":"https:\/\/www.kyriad-vannes.fr\/es\/wp-json\/wp\/v2\/pages"}],"about":[{"href":"https:\/\/www.kyriad-vannes.fr\/es\/wp-json\/wp\/v2\/types\/page"}],"author":[{"embeddable":true,"href":"https:\/\/www.kyriad-vannes.fr\/es\/wp-json\/wp\/v2\/users\/4"}],"replies":[{"embeddable":true,"href":"https:\/\/www.kyriad-vannes.fr\/es\/wp-json\/wp\/v2\/comments?post=378"}],"version-history":[{"count":217,"href":"https:\/\/www.kyriad-vannes.fr\/es\/wp-json\/wp\/v2\/pages\/378\/revisions"}],"predecessor-version":[{"id":11664,"href":"https:\/\/www.kyriad-vannes.fr\/es\/wp-json\/wp\/v2\/pages\/378\/revisions\/11664"}],"wp:featuredmedia":[{"embeddable":true,"href":"https:\/\/www.kyriad-vannes.fr\/es\/wp-json\/wp\/v2\/media\/2493"}],"wp:attachment":[{"href":"https:\/\/www.kyriad-vannes.fr\/es\/wp-json\/wp\/v2\/media?parent=378"}],"curies":[{"name":"wp","href":"https:\/\/api.w.org\/{rel}","templated":true}]}}