{"id":7906,"date":"2024-07-12T15:52:56","date_gmt":"2024-07-12T13:52:56","guid":{"rendered":"https:\/\/www.kyriad-vannes.fr\/?page_id=7906"},"modified":"2025-03-06T15:19:24","modified_gmt":"2025-03-06T14:19:24","slug":"que-hacer-en-los-alrededores-de-vannes","status":"publish","type":"page","link":"https:\/\/www.kyriad-vannes.fr\/es\/tourisme\/quoi-faire-autour-de-vannes\/","title":{"rendered":"Les Terres"},"content":{"rendered":"<div data-elementor-type=\"wp-page\" data-elementor-id=\"7906\" class=\"elementor elementor-7906\" data-elementor-post-type=\"page\">\n\t\t\t\t\t\t<section class=\"elementor-section elementor-top-section elementor-element elementor-element-d6c7843 elementor-section-full_width elementor-section-height-min-height elementor-section-height-default elementor-section-items-middle\" data-id=\"d6c7843\" data-element_type=\"section\" data-e-type=\"section\" id=\"top\" data-settings=\"{&quot;background_background&quot;:&quot;classic&quot;}\">\n\t\t\t\t\t\t\t<div class=\"elementor-background-overlay\"><\/div>\n\t\t\t\t\t\t\t<div class=\"elementor-container elementor-column-gap-default\">\n\t\t\t\t\t<div class=\"elementor-column elementor-col-100 elementor-top-column elementor-element elementor-element-88bef6c\" data-id=\"88bef6c\" data-element_type=\"column\" data-e-type=\"column\">\n\t\t\t<div class=\"elementor-widget-wrap elementor-element-populated\">\n\t\t\t\t\t\t<div class=\"elementor-element elementor-element-e4128ca elementor-widget elementor-widget-heading\" data-id=\"e4128ca\" data-element_type=\"widget\" data-e-type=\"widget\" data-widget_type=\"heading.default\">\n\t\t\t\t<div class=\"elementor-widget-container\">\n\t\t\t\t\t<h1 class=\"elementor-heading-title elementor-size-default\">Qu\u00e9 hacer en los alrededores de Vannes<\/h1>\t\t\t\t<\/div>\n\t\t\t\t<\/div>\n\t\t\t\t\t<\/div>\n\t\t<\/div>\n\t\t\t\t\t<\/div>\n\t\t<\/section>\n\t\t\t\t<section class=\"elementor-section elementor-top-section elementor-element elementor-element-99f5059 elementor-section-boxed elementor-section-height-default elementor-section-height-default\" data-id=\"99f5059\" data-element_type=\"section\" data-e-type=\"section\" data-settings=\"{&quot;background_background&quot;:&quot;classic&quot;}\">\n\t\t\t\t\t\t\t<div class=\"elementor-background-overlay\"><\/div>\n\t\t\t\t\t\t\t<div class=\"elementor-container elementor-column-gap-default\">\n\t\t\t\t\t<div class=\"elementor-column elementor-col-50 elementor-top-column elementor-element elementor-element-caa8998\" data-id=\"caa8998\" data-element_type=\"column\" data-e-type=\"column\">\n\t\t\t<div class=\"elementor-widget-wrap elementor-element-populated\">\n\t\t\t\t\t\t<div class=\"elementor-element elementor-element-d9f3b11 elementor-widget elementor-widget-heading\" data-id=\"d9f3b11\" data-element_type=\"widget\" data-e-type=\"widget\" data-widget_type=\"heading.default\">\n\t\t\t\t<div class=\"elementor-widget-container\">\n\t\t\t\t\t<h2 class=\"elementor-heading-title elementor-size-default\">\u00bfQu\u00e9 hacer en los alrededores de Vannes?<\/h2>\t\t\t\t<\/div>\n\t\t\t\t<\/div>\n\t\t\t\t<div class=\"elementor-element elementor-element-fb25cbd elementor-widget elementor-widget-text-editor\" data-id=\"fb25cbd\" data-element_type=\"widget\" data-e-type=\"widget\" data-widget_type=\"text-editor.default\">\n\t\t\t\t<div class=\"elementor-widget-container\">\n\t\t\t\t\t\t\t\t\t<p>El interior se extiende hasta las Landas de Lanvaux, surcadas por numerosos r\u00edos.<\/p>\t\t\t\t\t\t\t\t<\/div>\n\t\t\t\t<\/div>\n\t\t\t\t<div class=\"elementor-element elementor-element-f0c852e elementor-widget elementor-widget-text-editor\" data-id=\"f0c852e\" data-element_type=\"widget\" data-e-type=\"widget\" data-widget_type=\"text-editor.default\">\n\t\t\t\t<div class=\"elementor-widget-container\">\n\t\t\t\t\t\t\t\t\t<p>En el coraz\u00f3n de la regi\u00f3n de Argoat, los paseos por los senderos le llevar\u00e1n a megalitos, casas solariegas, castillos, capillas, fuentes y calvarios, recordatorios de que la historia est\u00e1 incrustada en cada rinc\u00f3n. <br \/>Rochefort-en-Terre, peque\u00f1a ciudad llena de car\u00e1cter, es uno de los pueblos m\u00e1s bonitos de Francia y fue elegido el favorito de Francia por el programa de televisi\u00f3n France 2.<br \/>La hist\u00f3rica ciudad de Auray y su pintoresco puerto de Saint Goustan, con sus calles empedradas, invitan al paseo. <\/p>\t\t\t\t\t\t\t\t<\/div>\n\t\t\t\t<\/div>\n\t\t\t\t\t<\/div>\n\t\t<\/div>\n\t\t\t\t<div class=\"elementor-column elementor-col-50 elementor-top-column elementor-element elementor-element-0e33b50\" data-id=\"0e33b50\" data-element_type=\"column\" data-e-type=\"column\">\n\t\t\t<div class=\"elementor-widget-wrap elementor-element-populated\">\n\t\t\t\t\t\t<div class=\"elementor-element elementor-element-eb64b02 elementor-widget elementor-widget-image\" data-id=\"eb64b02\" data-element_type=\"widget\" data-e-type=\"widget\" data-widget_type=\"image.default\">\n\t\t\t\t<div class=\"elementor-widget-container\">\n\t\t\t\t\t\t\t\t\t\t\t\t\t\t\t<img fetchpriority=\"high\" decoding=\"async\" width=\"2000\" height=\"1500\" src=\"https:\/\/www.kyriad-vannes.fr\/wp-content\/uploads\/2024\/07\/GettyImages-1301584664.jpg\" class=\"attachment-full size-full wp-image-8038\" alt=\"\" srcset=\"https:\/\/www.kyriad-vannes.fr\/wp-content\/uploads\/2024\/07\/GettyImages-1301584664.jpg 2000w, https:\/\/www.kyriad-vannes.fr\/wp-content\/uploads\/2024\/07\/GettyImages-1301584664-300x225.jpg 300w, https:\/\/www.kyriad-vannes.fr\/wp-content\/uploads\/2024\/07\/GettyImages-1301584664-1024x768.jpg 1024w, https:\/\/www.kyriad-vannes.fr\/wp-content\/uploads\/2024\/07\/GettyImages-1301584664-768x576.jpg 768w, https:\/\/www.kyriad-vannes.fr\/wp-content\/uploads\/2024\/07\/GettyImages-1301584664-1536x1152.jpg 1536w, https:\/\/www.kyriad-vannes.fr\/wp-content\/uploads\/2024\/07\/GettyImages-1301584664-16x12.jpg 16w\" sizes=\"(max-width: 2000px) 100vw, 2000px\" title=\"\">\t\t\t\t\t\t\t\t\t\t\t\t\t\t\t<\/div>\n\t\t\t\t<\/div>\n\t\t\t\t\t<\/div>\n\t\t<\/div>\n\t\t\t\t\t<\/div>\n\t\t<\/section>\n\t\t\t\t<section class=\"elementor-section elementor-top-section elementor-element elementor-element-a644436 elementor-section-full_width elementor-section-height-default elementor-section-height-default\" data-id=\"a644436\" data-element_type=\"section\" data-e-type=\"section\">\n\t\t\t\t\t\t<div class=\"elementor-container elementor-column-gap-default\">\n\t\t\t\t\t<div class=\"elementor-column elementor-col-100 elementor-top-column elementor-element elementor-element-f3e776b\" data-id=\"f3e776b\" data-element_type=\"column\" data-e-type=\"column\">\n\t\t\t<div class=\"elementor-widget-wrap elementor-element-populated\">\n\t\t\t\t\t\t<section class=\"elementor-section elementor-inner-section elementor-element elementor-element-c8d6fd3 elementor-section-full_width elementor-reverse-tablet elementor-reverse-mobile elementor-section-height-default elementor-section-height-default\" data-id=\"c8d6fd3\" data-element_type=\"section\" data-e-type=\"section\">\n\t\t\t\t\t\t<div class=\"elementor-container elementor-column-gap-default\">\n\t\t\t\t\t<div class=\"elementor-column elementor-col-50 elementor-inner-column elementor-element elementor-element-fe80958\" data-id=\"fe80958\" data-element_type=\"column\" data-e-type=\"column\">\n\t\t\t<div class=\"elementor-widget-wrap elementor-element-populated\">\n\t\t\t\t\t\t<div class=\"elementor-element elementor-element-cf0869f elementor-widget elementor-widget-image\" data-id=\"cf0869f\" data-element_type=\"widget\" data-e-type=\"widget\" data-widget_type=\"image.default\">\n\t\t\t\t<div class=\"elementor-widget-container\">\n\t\t\t\t\t\t\t\t\t\t\t\t\t\t\t<img decoding=\"async\" width=\"2090\" height=\"1434\" src=\"https:\/\/www.kyriad-vannes.fr\/wp-content\/uploads\/2024\/07\/GettyImages-1136001668.jpg\" class=\"attachment-full size-full wp-image-8039\" alt=\"\" srcset=\"https:\/\/www.kyriad-vannes.fr\/wp-content\/uploads\/2024\/07\/GettyImages-1136001668.jpg 2090w, https:\/\/www.kyriad-vannes.fr\/wp-content\/uploads\/2024\/07\/GettyImages-1136001668-300x206.jpg 300w, https:\/\/www.kyriad-vannes.fr\/wp-content\/uploads\/2024\/07\/GettyImages-1136001668-1024x703.jpg 1024w, https:\/\/www.kyriad-vannes.fr\/wp-content\/uploads\/2024\/07\/GettyImages-1136001668-768x527.jpg 768w, https:\/\/www.kyriad-vannes.fr\/wp-content\/uploads\/2024\/07\/GettyImages-1136001668-1536x1054.jpg 1536w, https:\/\/www.kyriad-vannes.fr\/wp-content\/uploads\/2024\/07\/GettyImages-1136001668-2048x1405.jpg 2048w, https:\/\/www.kyriad-vannes.fr\/wp-content\/uploads\/2024\/07\/GettyImages-1136001668-18x12.jpg 18w\" sizes=\"(max-width: 2090px) 100vw, 2090px\" title=\"\">\t\t\t\t\t\t\t\t\t\t\t\t\t\t\t<\/div>\n\t\t\t\t<\/div>\n\t\t\t\t\t<\/div>\n\t\t<\/div>\n\t\t\t\t<div class=\"elementor-column elementor-col-50 elementor-inner-column elementor-element elementor-element-dc3893d\" data-id=\"dc3893d\" data-element_type=\"column\" data-e-type=\"column\">\n\t\t\t<div class=\"elementor-widget-wrap elementor-element-populated\">\n\t\t\t\t\t\t<div class=\"elementor-element elementor-element-923943e elementor-widget elementor-widget-text-editor\" data-id=\"923943e\" data-element_type=\"widget\" data-e-type=\"widget\" data-widget_type=\"text-editor.default\">\n\t\t\t\t<div class=\"elementor-widget-container\">\n\t\t\t\t\t\t\t\t\t<p>El pueblo de La Gacilly, repleto de flores, acoge a numerosos artesanos y un festival de fotograf\u00eda al aire libre.<\/p>\t\t\t\t\t\t\t\t<\/div>\n\t\t\t\t<\/div>\n\t\t\t\t<div class=\"elementor-element elementor-element-3255694 elementor-widget elementor-widget-text-editor\" data-id=\"3255694\" data-element_type=\"widget\" data-e-type=\"widget\" data-widget_type=\"text-editor.default\">\n\t\t\t\t<div class=\"elementor-widget-container\">\n\t\t\t\t\t\t\t\t\t<p>Catalogado como monumento hist\u00f3rico desde 1928, el castillo de Josselin es tambi\u00e9n un monumento de visita obligada en la regi\u00f3n de Morbihan.<br \/>El parque zool\u00f3gico y bot\u00e1nico de Branf\u00e9r\u00e9 es un lugar excepcional de m\u00e1s de 40 hect\u00e1reas que alberga cerca de 1.000 animales de los cinco continentes. <br \/>Como su nombre indica, el canal Nantes-Brest une las dos ciudades. Tiene 364 km de longitud y discurre a lo largo de 7 r\u00edos.<\/p>\t\t\t\t\t\t\t\t<\/div>\n\t\t\t\t<\/div>\n\t\t\t\t\t<\/div>\n\t\t<\/div>\n\t\t\t\t\t<\/div>\n\t\t<\/section>\n\t\t\t\t<section class=\"elementor-section elementor-inner-section elementor-element elementor-element-0b23527 elementor-section-height-min-height elementor-section-full_width elementor-section-height-default\" data-id=\"0b23527\" data-element_type=\"section\" data-e-type=\"section\" data-settings=\"{&quot;background_background&quot;:&quot;classic&quot;}\">\n\t\t\t\t\t\t\t<div class=\"elementor-background-overlay\"><\/div>\n\t\t\t\t\t\t\t<div class=\"elementor-container elementor-column-gap-default\">\n\t\t\t\t\t<div class=\"elementor-column elementor-col-100 elementor-inner-column elementor-element elementor-element-73b4ee9\" data-id=\"73b4ee9\" data-element_type=\"column\" data-e-type=\"column\">\n\t\t\t<div class=\"elementor-widget-wrap\">\n\t\t\t\t\t\t\t<\/div>\n\t\t<\/div>\n\t\t\t\t\t<\/div>\n\t\t<\/section>\n\t\t\t\t\t<\/div>\n\t\t<\/div>\n\t\t\t\t\t<\/div>\n\t\t<\/section>\n\t\t\t\t<section class=\"elementor-section elementor-top-section elementor-element elementor-element-4d54fe9 elementor-section-full_width elementor-section-height-default elementor-section-height-default\" data-id=\"4d54fe9\" data-element_type=\"section\" data-e-type=\"section\" data-settings=\"{&quot;background_background&quot;:&quot;classic&quot;}\">\n\t\t\t\t\t\t\t<div class=\"elementor-background-overlay\"><\/div>\n\t\t\t\t\t\t\t<div class=\"elementor-container elementor-column-gap-narrow\">\n\t\t\t\t\t<div class=\"elementor-column elementor-col-100 elementor-top-column elementor-element elementor-element-de54cb7\" data-id=\"de54cb7\" data-element_type=\"column\" data-e-type=\"column\">\n\t\t\t<div class=\"elementor-widget-wrap elementor-element-populated\">\n\t\t\t\t\t\t<section class=\"elementor-section elementor-inner-section elementor-element elementor-element-69a549f elementor-section-full_width elementor-section-height-default elementor-section-height-default\" data-id=\"69a549f\" data-element_type=\"section\" data-e-type=\"section\">\n\t\t\t\t\t\t<div class=\"elementor-container elementor-column-gap-default\">\n\t\t\t\t\t<div class=\"elementor-column elementor-col-33 elementor-inner-column elementor-element elementor-element-b8c9501\" data-id=\"b8c9501\" data-element_type=\"column\" data-e-type=\"column\">\n\t\t\t<div class=\"elementor-widget-wrap elementor-element-populated\">\n\t\t\t\t\t\t<div class=\"elementor-element elementor-element-6577fb6 elementor-widget-divider--view-line elementor-widget elementor-widget-divider\" data-id=\"6577fb6\" data-element_type=\"widget\" data-e-type=\"widget\" data-widget_type=\"divider.default\">\n\t\t\t\t<div class=\"elementor-widget-container\">\n\t\t\t\t\t\t\t<div class=\"elementor-divider\">\n\t\t\t<span class=\"elementor-divider-separator\">\n\t\t\t\t\t\t<\/span>\n\t\t<\/div>\n\t\t\t\t\t\t<\/div>\n\t\t\t\t<\/div>\n\t\t\t\t\t<\/div>\n\t\t<\/div>\n\t\t\t\t<div class=\"elementor-column elementor-col-33 elementor-inner-column elementor-element elementor-element-0df615a\" data-id=\"0df615a\" data-element_type=\"column\" data-e-type=\"column\">\n\t\t\t<div class=\"elementor-widget-wrap elementor-element-populated\">\n\t\t\t\t\t\t<div class=\"elementor-element elementor-element-142a60f elementor-widget elementor-widget-image\" data-id=\"142a60f\" data-element_type=\"widget\" data-e-type=\"widget\" data-widget_type=\"image.default\">\n\t\t\t\t<div class=\"elementor-widget-container\">\n\t\t\t\t\t\t\t\t\t\t\t\t\t\t\t<img decoding=\"async\" width=\"28\" height=\"28\" src=\"https:\/\/www.kyriad-vannes.fr\/wp-content\/uploads\/2024\/07\/favicon-Kyriad.png\" class=\"attachment-full size-full wp-image-7570\" alt=\"\" srcset=\"https:\/\/www.kyriad-vannes.fr\/wp-content\/uploads\/2024\/07\/favicon-Kyriad.png 28w, https:\/\/www.kyriad-vannes.fr\/wp-content\/uploads\/2024\/07\/favicon-Kyriad-12x12.png 12w\" sizes=\"(max-width: 28px) 100vw, 28px\" title=\"\">\t\t\t\t\t\t\t\t\t\t\t\t\t\t\t<\/div>\n\t\t\t\t<\/div>\n\t\t\t\t\t<\/div>\n\t\t<\/div>\n\t\t\t\t<div class=\"elementor-column elementor-col-33 elementor-inner-column elementor-element elementor-element-a067337\" data-id=\"a067337\" data-element_type=\"column\" data-e-type=\"column\">\n\t\t\t<div class=\"elementor-widget-wrap elementor-element-populated\">\n\t\t\t\t\t\t<div class=\"elementor-element elementor-element-8f4a7e7 elementor-widget-divider--view-line elementor-widget elementor-widget-divider\" data-id=\"8f4a7e7\" data-element_type=\"widget\" data-e-type=\"widget\" data-widget_type=\"divider.default\">\n\t\t\t\t<div class=\"elementor-widget-container\">\n\t\t\t\t\t\t\t<div class=\"elementor-divider\">\n\t\t\t<span class=\"elementor-divider-separator\">\n\t\t\t\t\t\t<\/span>\n\t\t<\/div>\n\t\t\t\t\t\t<\/div>\n\t\t\t\t<\/div>\n\t\t\t\t\t<\/div>\n\t\t<\/div>\n\t\t\t\t\t<\/div>\n\t\t<\/section>\n\t\t\t\t<div class=\"elementor-element elementor-element-0923c44 elementor-widget elementor-widget-heading\" data-id=\"0923c44\" data-element_type=\"widget\" data-e-type=\"widget\" data-widget_type=\"heading.default\">\n\t\t\t\t<div class=\"elementor-widget-container\">\n\t\t\t\t\t<h2 class=\"elementor-heading-title elementor-size-default\">Descubra<\/h2>\t\t\t\t<\/div>\n\t\t\t\t<\/div>\n\t\t\t\t<section class=\"elementor-section elementor-inner-section elementor-element elementor-element-575b2ba elementor-section-boxed elementor-section-height-default elementor-section-height-default\" data-id=\"575b2ba\" data-element_type=\"section\" data-e-type=\"section\">\n\t\t\t\t\t\t<div class=\"elementor-container elementor-column-gap-default\">\n\t\t\t\t\t<div class=\"elementor-column elementor-col-33 elementor-inner-column elementor-element elementor-element-5713d81\" data-id=\"5713d81\" data-element_type=\"column\" data-e-type=\"column\">\n\t\t\t<div class=\"elementor-widget-wrap elementor-element-populated\">\n\t\t\t\t\t\t<div class=\"elementor-element elementor-element-5ddba2b elementor-widget elementor-widget-image\" data-id=\"5ddba2b\" data-element_type=\"widget\" data-e-type=\"widget\" data-widget_type=\"image.default\">\n\t\t\t\t<div class=\"elementor-widget-container\">\n\t\t\t\t\t\t\t\t\t\t\t\t\t\t\t<img loading=\"lazy\" decoding=\"async\" width=\"1748\" height=\"1240\" src=\"https:\/\/www.kyriad-vannes.fr\/wp-content\/uploads\/2025\/03\/Maitre-Restaurateur-1.png\" class=\"attachment-full size-full wp-image-11064\" alt=\"\" srcset=\"https:\/\/www.kyriad-vannes.fr\/wp-content\/uploads\/2025\/03\/Maitre-Restaurateur-1.png 1748w, https:\/\/www.kyriad-vannes.fr\/wp-content\/uploads\/2025\/03\/Maitre-Restaurateur-1-300x213.png 300w, https:\/\/www.kyriad-vannes.fr\/wp-content\/uploads\/2025\/03\/Maitre-Restaurateur-1-1024x726.png 1024w, https:\/\/www.kyriad-vannes.fr\/wp-content\/uploads\/2025\/03\/Maitre-Restaurateur-1-768x545.png 768w, https:\/\/www.kyriad-vannes.fr\/wp-content\/uploads\/2025\/03\/Maitre-Restaurateur-1-1536x1090.png 1536w, https:\/\/www.kyriad-vannes.fr\/wp-content\/uploads\/2025\/03\/Maitre-Restaurateur-1-18x12.png 18w\" sizes=\"(max-width: 1748px) 100vw, 1748px\" title=\"\">\t\t\t\t\t\t\t\t\t\t\t\t\t\t\t<\/div>\n\t\t\t\t<\/div>\n\t\t\t\t<div class=\"elementor-element elementor-element-6c8c34c elementor-widget elementor-widget-heading\" data-id=\"6c8c34c\" data-element_type=\"widget\" data-e-type=\"widget\" data-widget_type=\"heading.default\">\n\t\t\t\t<div class=\"elementor-widget-container\">\n\t\t\t\t\t<h3 class=\"elementor-heading-title elementor-size-default\">Pen\u00ednsula de Rhuys<\/h3>\t\t\t\t<\/div>\n\t\t\t\t<\/div>\n\t\t\t\t<div class=\"elementor-element elementor-element-d03aa0b elementor-widget elementor-widget-button\" data-id=\"d03aa0b\" data-element_type=\"widget\" data-e-type=\"widget\" data-widget_type=\"button.default\">\n\t\t\t\t<div class=\"elementor-widget-container\">\n\t\t\t\t\t\t\t\t\t<div class=\"elementor-button-wrapper\">\n\t\t\t\t\t<a class=\"elementor-button elementor-button-link elementor-size-sm\" href=\"https:\/\/www.kyriad-vannes.fr\/es\/tourisme\/vannes-et-ses-alentours-presqu-il-de-rhuys\/\">\n\t\t\t\t\t\t<span class=\"elementor-button-content-wrapper\">\n\t\t\t\t\t\t\t\t\t<span class=\"elementor-button-text\">M\u00e1s informaci\u00f3n<\/span>\n\t\t\t\t\t<\/span>\n\t\t\t\t\t<\/a>\n\t\t\t\t<\/div>\n\t\t\t\t\t\t\t\t<\/div>\n\t\t\t\t<\/div>\n\t\t\t\t\t<\/div>\n\t\t<\/div>\n\t\t\t\t<div class=\"elementor-column elementor-col-33 elementor-inner-column elementor-element elementor-element-4895b0f\" data-id=\"4895b0f\" data-element_type=\"column\" data-e-type=\"column\">\n\t\t\t<div class=\"elementor-widget-wrap elementor-element-populated\">\n\t\t\t\t\t\t<div class=\"elementor-element elementor-element-125e731 elementor-widget elementor-widget-image\" data-id=\"125e731\" data-element_type=\"widget\" data-e-type=\"widget\" data-widget_type=\"image.default\">\n\t\t\t\t<div class=\"elementor-widget-container\">\n\t\t\t\t\t\t\t\t\t\t\t\t\t\t\t<img loading=\"lazy\" decoding=\"async\" width=\"1748\" height=\"1240\" src=\"https:\/\/www.kyriad-vannes.fr\/wp-content\/uploads\/2024\/12\/Golfe-du-Morbihan.jpg\" class=\"attachment-full size-full wp-image-9969\" alt=\"\" srcset=\"https:\/\/www.kyriad-vannes.fr\/wp-content\/uploads\/2024\/12\/Golfe-du-Morbihan.jpg 1748w, https:\/\/www.kyriad-vannes.fr\/wp-content\/uploads\/2024\/12\/Golfe-du-Morbihan-300x213.jpg 300w, https:\/\/www.kyriad-vannes.fr\/wp-content\/uploads\/2024\/12\/Golfe-du-Morbihan-1024x726.jpg 1024w, https:\/\/www.kyriad-vannes.fr\/wp-content\/uploads\/2024\/12\/Golfe-du-Morbihan-768x545.jpg 768w, https:\/\/www.kyriad-vannes.fr\/wp-content\/uploads\/2024\/12\/Golfe-du-Morbihan-1536x1090.jpg 1536w, https:\/\/www.kyriad-vannes.fr\/wp-content\/uploads\/2024\/12\/Golfe-du-Morbihan-18x12.jpg 18w\" sizes=\"(max-width: 1748px) 100vw, 1748px\" title=\"\">\t\t\t\t\t\t\t\t\t\t\t\t\t\t\t<\/div>\n\t\t\t\t<\/div>\n\t\t\t\t<div class=\"elementor-element elementor-element-ff23c54 elementor-widget elementor-widget-heading\" data-id=\"ff23c54\" data-element_type=\"widget\" data-e-type=\"widget\" data-widget_type=\"heading.default\">\n\t\t\t\t<div class=\"elementor-widget-container\">\n\t\t\t\t\t<h3 class=\"elementor-heading-title elementor-size-default\">Golfo de Morbihan<\/h3>\t\t\t\t<\/div>\n\t\t\t\t<\/div>\n\t\t\t\t<div class=\"elementor-element elementor-element-87e84c4 elementor-widget elementor-widget-button\" data-id=\"87e84c4\" data-element_type=\"widget\" data-e-type=\"widget\" data-widget_type=\"button.default\">\n\t\t\t\t<div class=\"elementor-widget-container\">\n\t\t\t\t\t\t\t\t\t<div class=\"elementor-button-wrapper\">\n\t\t\t\t\t<a class=\"elementor-button elementor-button-link elementor-size-sm\" href=\"https:\/\/www.kyriad-vannes.fr\/es\/tourisme\/vannes-et-ses-environs-golfe-du-morbihan\/\">\n\t\t\t\t\t\t<span class=\"elementor-button-content-wrapper\">\n\t\t\t\t\t\t\t\t\t<span class=\"elementor-button-text\">M\u00e1s informaci\u00f3n<\/span>\n\t\t\t\t\t<\/span>\n\t\t\t\t\t<\/a>\n\t\t\t\t<\/div>\n\t\t\t\t\t\t\t\t<\/div>\n\t\t\t\t<\/div>\n\t\t\t\t\t<\/div>\n\t\t<\/div>\n\t\t\t\t<div class=\"elementor-column elementor-col-33 elementor-inner-column elementor-element elementor-element-05882db\" data-id=\"05882db\" data-element_type=\"column\" data-e-type=\"column\">\n\t\t\t<div class=\"elementor-widget-wrap elementor-element-populated\">\n\t\t\t\t\t\t<div class=\"elementor-element elementor-element-ee5700d elementor-widget elementor-widget-image\" data-id=\"ee5700d\" data-element_type=\"widget\" data-e-type=\"widget\" data-widget_type=\"image.default\">\n\t\t\t\t<div class=\"elementor-widget-container\">\n\t\t\t\t\t\t\t\t\t\t\t\t\t\t\t<img loading=\"lazy\" decoding=\"async\" width=\"2120\" height=\"1415\" src=\"https:\/\/www.kyriad-vannes.fr\/wp-content\/uploads\/2024\/07\/GettyImages-898226720.jpg\" class=\"attachment-full size-full wp-image-7984\" alt=\"\" srcset=\"https:\/\/www.kyriad-vannes.fr\/wp-content\/uploads\/2024\/07\/GettyImages-898226720.jpg 2120w, https:\/\/www.kyriad-vannes.fr\/wp-content\/uploads\/2024\/07\/GettyImages-898226720-300x200.jpg 300w, https:\/\/www.kyriad-vannes.fr\/wp-content\/uploads\/2024\/07\/GettyImages-898226720-1024x683.jpg 1024w, https:\/\/www.kyriad-vannes.fr\/wp-content\/uploads\/2024\/07\/GettyImages-898226720-768x513.jpg 768w, https:\/\/www.kyriad-vannes.fr\/wp-content\/uploads\/2024\/07\/GettyImages-898226720-1536x1025.jpg 1536w, https:\/\/www.kyriad-vannes.fr\/wp-content\/uploads\/2024\/07\/GettyImages-898226720-2048x1367.jpg 2048w, https:\/\/www.kyriad-vannes.fr\/wp-content\/uploads\/2024\/07\/GettyImages-898226720-18x12.jpg 18w\" sizes=\"(max-width: 2120px) 100vw, 2120px\" title=\"\">\t\t\t\t\t\t\t\t\t\t\t\t\t\t\t<\/div>\n\t\t\t\t<\/div>\n\t\t\t\t<div class=\"elementor-element elementor-element-03ecb3d elementor-widget elementor-widget-heading\" data-id=\"03ecb3d\" data-element_type=\"widget\" data-e-type=\"widget\" data-widget_type=\"heading.default\">\n\t\t\t\t<div class=\"elementor-widget-container\">\n\t\t\t\t\t<h3 class=\"elementor-heading-title elementor-size-default\">V\u00e1lvulas para ver<\/h3>\t\t\t\t<\/div>\n\t\t\t\t<\/div>\n\t\t\t\t<div class=\"elementor-element elementor-element-8e54395 elementor-widget elementor-widget-button\" data-id=\"8e54395\" data-element_type=\"widget\" data-e-type=\"widget\" data-widget_type=\"button.default\">\n\t\t\t\t<div class=\"elementor-widget-container\">\n\t\t\t\t\t\t\t\t\t<div class=\"elementor-button-wrapper\">\n\t\t\t\t\t<a class=\"elementor-button elementor-button-link elementor-size-sm\" href=\"https:\/\/www.kyriad-vannes.fr\/es\/tourisme\/visiter-vannes\/\">\n\t\t\t\t\t\t<span class=\"elementor-button-content-wrapper\">\n\t\t\t\t\t\t\t\t\t<span class=\"elementor-button-text\">M\u00e1s informaci\u00f3n<\/span>\n\t\t\t\t\t<\/span>\n\t\t\t\t\t<\/a>\n\t\t\t\t<\/div>\n\t\t\t\t\t\t\t\t<\/div>\n\t\t\t\t<\/div>\n\t\t\t\t\t<\/div>\n\t\t<\/div>\n\t\t\t\t\t<\/div>\n\t\t<\/section>\n\t\t\t\t\t<\/div>\n\t\t<\/div>\n\t\t\t\t\t<\/div>\n\t\t<\/section>\n\t\t\t\t<\/div>","protected":false},"excerpt":{"rendered":"<p>Quoi faire autour de Vannes Que faire dans les terres autour de Vannes ? L\u2019arri\u00e8re-pays s\u2019\u00e9tend jusqu\u2019aux Landes de Lanvaux, parcouru par de nombreux cours d\u2019eau. Au c\u0153ur de l\u2019Argoat, les balades dans les chemins de randonn\u00e9e vous m\u00e8neront vers des m\u00e9galithes, manoirs, ch\u00e2teaux, chapelles, fontaines et calvaires, qui rappellent que l\u2019histoire s\u2019est incrust\u00e9e dans [&hellip;]<\/p>\n","protected":false},"author":12,"featured_media":2493,"parent":368,"menu_order":0,"comment_status":"closed","ping_status":"closed","template":"","meta":{"_acf_changed":false,"inline_featured_image":false,"footnotes":""},"class_list":["post-7906","page","type-page","status-publish","has-post-thumbnail","hentry"],"acf":[],"_links":{"self":[{"href":"https:\/\/www.kyriad-vannes.fr\/es\/wp-json\/wp\/v2\/pages\/7906","targetHints":{"allow":["GET"]}}],"collection":[{"href":"https:\/\/www.kyriad-vannes.fr\/es\/wp-json\/wp\/v2\/pages"}],"about":[{"href":"https:\/\/www.kyriad-vannes.fr\/es\/wp-json\/wp\/v2\/types\/page"}],"author":[{"embeddable":true,"href":"https:\/\/www.kyriad-vannes.fr\/es\/wp-json\/wp\/v2\/users\/12"}],"replies":[{"embeddable":true,"href":"https:\/\/www.kyriad-vannes.fr\/es\/wp-json\/wp\/v2\/comments?post=7906"}],"version-history":[{"count":34,"href":"https:\/\/www.kyriad-vannes.fr\/es\/wp-json\/wp\/v2\/pages\/7906\/revisions"}],"predecessor-version":[{"id":11076,"href":"https:\/\/www.kyriad-vannes.fr\/es\/wp-json\/wp\/v2\/pages\/7906\/revisions\/11076"}],"up":[{"embeddable":true,"href":"https:\/\/www.kyriad-vannes.fr\/es\/wp-json\/wp\/v2\/pages\/368"}],"wp:featuredmedia":[{"embeddable":true,"href":"https:\/\/www.kyriad-vannes.fr\/es\/wp-json\/wp\/v2\/media\/2493"}],"wp:attachment":[{"href":"https:\/\/www.kyriad-vannes.fr\/es\/wp-json\/wp\/v2\/media?parent=7906"}],"curies":[{"name":"wp","href":"https:\/\/api.w.org\/{rel}","templated":true}]}}